{"id":12150,"date":"2023-09-28T10:26:21","date_gmt":"2023-09-28T15:26:21","guid":{"rendered":"http:\/\/es.jaravitex.com\/?page_id=12150"},"modified":"2023-10-04T16:34:11","modified_gmt":"2023-10-04T21:34:11","slug":"productos-vendas-quirurgicas","status":"publish","type":"page","link":"https:\/\/es.jaravitex.com\/?page_id=12150","title":{"rendered":"Productos Vendas Quir\u00fargicas"},"content":{"rendered":"\t\t<div data-elementor-type=\"wp-page\" data-elementor-id=\"12150\" class=\"elementor elementor-12150\">\n\t\t\t\t\t\t\t\t\t<section class=\"elementor-section elementor-top-section elementor-element elementor-element-1753ae6 elementor-section-full_width elementor-section-height-default elementor-section-height-default\" data-id=\"1753ae6\" data-element_type=\"section\" data-settings=\"{&quot;ekit_has_onepagescroll_dot&quot;:&quot;yes&quot;}\">\n\t\t\t\t\t\t<div class=\"elementor-container elementor-column-gap-no\">\n\t\t\t\t\t<div class=\"elementor-column elementor-col-100 elementor-top-column elementor-element elementor-element-a7e25bd\" data-id=\"a7e25bd\" data-element_type=\"column\">\n\t\t\t<div class=\"elementor-widget-wrap elementor-element-populated\">\n\t\t\t\t\t\t\t\t<div class=\"elementor-element elementor-element-c5134a0 elementor-widget elementor-widget-image\" data-id=\"c5134a0\" data-element_type=\"widget\" data-settings=\"{&quot;ekit_we_effect_on&quot;:&quot;none&quot;}\" data-widget_type=\"image.default\">\n\t\t\t\t<div class=\"elementor-widget-container\">\n\t\t\t<style>\/*! elementor - v3.8.0 - 30-10-2022 *\/\n.elementor-widget-image{text-align:center}.elementor-widget-image a{display:inline-block}.elementor-widget-image a img[src$=\".svg\"]{width:48px}.elementor-widget-image img{vertical-align:middle;display:inline-block}<\/style>\t\t\t\t\t\t\t\t\t\t\t\t<img loading=\"lazy\" decoding=\"async\" width=\"2560\" height=\"451\" src=\"https:\/\/es.jaravitex.com\/wp-content\/uploads\/2023\/09\/Banners_linea_productos_Vendas_quirurgicas-scaled.jpg\" class=\"attachment-full size-full\" alt=\"\" srcset=\"https:\/\/es.jaravitex.com\/wp-content\/uploads\/2023\/09\/Banners_linea_productos_Vendas_quirurgicas-scaled.jpg 2560w, https:\/\/es.jaravitex.com\/wp-content\/uploads\/2023\/09\/Banners_linea_productos_Vendas_quirurgicas-300x53.jpg 300w, https:\/\/es.jaravitex.com\/wp-content\/uploads\/2023\/09\/Banners_linea_productos_Vendas_quirurgicas-1024x180.jpg 1024w, https:\/\/es.jaravitex.com\/wp-content\/uploads\/2023\/09\/Banners_linea_productos_Vendas_quirurgicas-768x135.jpg 768w, https:\/\/es.jaravitex.com\/wp-content\/uploads\/2023\/09\/Banners_linea_productos_Vendas_quirurgicas-1536x271.jpg 1536w, https:\/\/es.jaravitex.com\/wp-content\/uploads\/2023\/09\/Banners_linea_productos_Vendas_quirurgicas-2048x361.jpg 2048w\" sizes=\"auto, (max-width: 2560px) 100vw, 2560px\" \/>\t\t\t\t\t\t\t\t\t\t\t\t\t\t\t<\/div>\n\t\t\t\t<\/div>\n\t\t\t\t\t<\/div>\n\t\t<\/div>\n\t\t\t\t\t\t\t<\/div>\n\t\t<\/section>\n\t\t\t\t<section class=\"elementor-section elementor-top-section elementor-element elementor-element-4a107a2 elementor-section-boxed elementor-section-height-default elementor-section-height-default\" data-id=\"4a107a2\" data-element_type=\"section\" data-settings=\"{&quot;ekit_has_onepagescroll_dot&quot;:&quot;yes&quot;}\">\n\t\t\t\t\t\t<div class=\"elementor-container elementor-column-gap-default\">\n\t\t\t\t\t<div class=\"elementor-column elementor-col-20 elementor-top-column elementor-element elementor-element-120f464\" data-id=\"120f464\" data-element_type=\"column\">\n\t\t\t<div class=\"elementor-widget-wrap elementor-element-populated\">\n\t\t\t\t\t\t\t\t<div class=\"elementor-element elementor-element-c456613 elementor-invisible elementor-widget elementor-widget-image\" data-id=\"c456613\" data-element_type=\"widget\" data-settings=\"{&quot;_animation&quot;:&quot;fadeInUp&quot;,&quot;ekit_we_effect_on&quot;:&quot;none&quot;}\" data-widget_type=\"image.default\">\n\t\t\t\t<div class=\"elementor-widget-container\">\n\t\t\t\t\t\t\t\t\t\t\t\t\t\t\t<img loading=\"lazy\" decoding=\"async\" width=\"800\" height=\"800\" src=\"https:\/\/es.jaravitex.com\/wp-content\/uploads\/2023\/09\/Vendas-Elasticas.jpg\" class=\"attachment-large size-large\" alt=\"\" srcset=\"https:\/\/es.jaravitex.com\/wp-content\/uploads\/2023\/09\/Vendas-Elasticas.jpg 847w, https:\/\/es.jaravitex.com\/wp-content\/uploads\/2023\/09\/Vendas-Elasticas-300x300.jpg 300w, https:\/\/es.jaravitex.com\/wp-content\/uploads\/2023\/09\/Vendas-Elasticas-150x150.jpg 150w, https:\/\/es.jaravitex.com\/wp-content\/uploads\/2023\/09\/Vendas-Elasticas-768x768.jpg 768w\" sizes=\"auto, (max-width: 800px) 100vw, 800px\" \/>\t\t\t\t\t\t\t\t\t\t\t\t\t\t\t<\/div>\n\t\t\t\t<\/div>\n\t\t\t\t<div class=\"elementor-element elementor-element-3549791 elementor-invisible elementor-widget elementor-widget-elementskit-heading\" data-id=\"3549791\" data-element_type=\"widget\" data-settings=\"{&quot;_animation&quot;:&quot;fadeIn&quot;,&quot;ekit_we_effect_on&quot;:&quot;none&quot;}\" data-widget_type=\"elementskit-heading.default\">\n\t\t\t\t<div class=\"elementor-widget-container\">\n\t\t\t<div class=\"ekit-wid-con\" ><div class=\"ekit-heading elementskit-section-title-wraper text_center   ekit_heading_tablet-   ekit_heading_mobile-\"><div class=\"ekit_heading_separetor_wraper ekit_heading_elementskit-border-divider ekit-dotted\"><div class=\"elementskit-border-divider ekit-dotted\"><\/div><\/div><h2 class=\"ekit-heading--title elementskit-section-title \">Vendas<span><span><\/span><\/span><\/h2><h3 class=\"ekit-heading--subtitle elementskit-section-subtitle  \">\n\t\t\t\t\t\tEl\u00e1sticas\n\t\t\t\t\t<\/h3><\/div><\/div>\t\t<\/div>\n\t\t\t\t<\/div>\n\t\t\t\t<div class=\"elementor-element elementor-element-3561e53 elementor-invisible elementor-widget elementor-widget-ucaddon_color_overlay_button\" data-id=\"3561e53\" data-element_type=\"widget\" data-settings=\"{&quot;_animation&quot;:&quot;fadeInUp&quot;,&quot;ekit_we_effect_on&quot;:&quot;none&quot;}\" data-widget_type=\"ucaddon_color_overlay_button.default\">\n\t\t\t\t<div class=\"elementor-widget-container\">\n\t\t\t<!-- start Overlay Button -->\n\t\t\t<style type=\"text\/css\">\/* widget: Overlay Button *\/\n\n#uc_color_overlay_button_elementor_3561e53 a.color-overlay-link\n{\n  display:inline-block;\n  position:relative;\n  text-decoration:none;\n  transition:0.5s;\n  overflow:hidden;\n}\n\n#uc_color_overlay_button_elementor_3561e53 a span.ue-color-overlay\n{\n  display:block;\n  position:absolute;\n  top:0px;\n  right:0px;\n  transition:0.5s;\n}\n\n#uc_color_overlay_button_elementor_3561e53 a .ue-btn-txt\n{\n  position:relative;\n  transition:0.5s;\n}\n\n<\/style>\n\n\t\t\t<div id=\"uc_color_overlay_button_elementor_3561e53\" class=\"color-overlay-button\">\n  <a href=\"http:\/\/es.jaravitex.com\/?page_id=12361\" class=\"color-overlay-link elementor-animation-hang\" >\n    <span class=\"ue-color-overlay\"><\/span>\n    <span class=\"ue-btn-txt\">\u00bbM\u00e1s informaci\u00f3n<\/span>\n  <\/a>\n<\/div>\n\t\t\t<!-- end Overlay Button -->\t\t<\/div>\n\t\t\t\t<\/div>\n\t\t\t\t\t<\/div>\n\t\t<\/div>\n\t\t\t\t<div class=\"elementor-column elementor-col-20 elementor-top-column elementor-element elementor-element-a128d11\" data-id=\"a128d11\" data-element_type=\"column\">\n\t\t\t<div class=\"elementor-widget-wrap elementor-element-populated\">\n\t\t\t\t\t\t\t\t<div class=\"elementor-element elementor-element-9791413 elementor-invisible elementor-widget elementor-widget-image\" data-id=\"9791413\" data-element_type=\"widget\" data-settings=\"{&quot;_animation&quot;:&quot;fadeInUp&quot;,&quot;ekit_we_effect_on&quot;:&quot;none&quot;}\" data-widget_type=\"image.default\">\n\t\t\t\t<div class=\"elementor-widget-container\">\n\t\t\t\t\t\t\t\t\t\t\t\t\t\t\t<img loading=\"lazy\" decoding=\"async\" width=\"800\" height=\"800\" src=\"https:\/\/es.jaravitex.com\/wp-content\/uploads\/2023\/09\/Vendas-de-Gasa.jpg\" class=\"attachment-large size-large\" alt=\"\" srcset=\"https:\/\/es.jaravitex.com\/wp-content\/uploads\/2023\/09\/Vendas-de-Gasa.jpg 847w, https:\/\/es.jaravitex.com\/wp-content\/uploads\/2023\/09\/Vendas-de-Gasa-300x300.jpg 300w, https:\/\/es.jaravitex.com\/wp-content\/uploads\/2023\/09\/Vendas-de-Gasa-150x150.jpg 150w, https:\/\/es.jaravitex.com\/wp-content\/uploads\/2023\/09\/Vendas-de-Gasa-768x768.jpg 768w\" sizes=\"auto, (max-width: 800px) 100vw, 800px\" \/>\t\t\t\t\t\t\t\t\t\t\t\t\t\t\t<\/div>\n\t\t\t\t<\/div>\n\t\t\t\t<div class=\"elementor-element elementor-element-57c39a9 elementor-invisible elementor-widget elementor-widget-elementskit-heading\" data-id=\"57c39a9\" data-element_type=\"widget\" data-settings=\"{&quot;_animation&quot;:&quot;fadeIn&quot;,&quot;ekit_we_effect_on&quot;:&quot;none&quot;}\" data-widget_type=\"elementskit-heading.default\">\n\t\t\t\t<div class=\"elementor-widget-container\">\n\t\t\t<div class=\"ekit-wid-con\" ><div class=\"ekit-heading elementskit-section-title-wraper text_center   ekit_heading_tablet-   ekit_heading_mobile-\"><div class=\"ekit_heading_separetor_wraper ekit_heading_elementskit-border-divider ekit-dotted\"><div class=\"elementskit-border-divider ekit-dotted\"><\/div><\/div><h2 class=\"ekit-heading--title elementskit-section-title \">Vendas<span><span><\/span><\/span><\/h2><h3 class=\"ekit-heading--subtitle elementskit-section-subtitle  \">\n\t\t\t\t\t\tde Gasa\n\t\t\t\t\t<\/h3><\/div><\/div>\t\t<\/div>\n\t\t\t\t<\/div>\n\t\t\t\t<div class=\"elementor-element elementor-element-c4c3370 elementor-invisible elementor-widget elementor-widget-ucaddon_color_overlay_button\" data-id=\"c4c3370\" data-element_type=\"widget\" data-settings=\"{&quot;_animation&quot;:&quot;fadeInUp&quot;,&quot;ekit_we_effect_on&quot;:&quot;none&quot;}\" data-widget_type=\"ucaddon_color_overlay_button.default\">\n\t\t\t\t<div class=\"elementor-widget-container\">\n\t\t\t<!-- start Overlay Button -->\n\t\t\t<style type=\"text\/css\">\/* widget: Overlay Button *\/\n\n#uc_color_overlay_button_elementor_c4c3370 a.color-overlay-link\n{\n  display:inline-block;\n  position:relative;\n  text-decoration:none;\n  transition:0.5s;\n  overflow:hidden;\n}\n\n#uc_color_overlay_button_elementor_c4c3370 a span.ue-color-overlay\n{\n  display:block;\n  position:absolute;\n  top:0px;\n  right:0px;\n  transition:0.5s;\n}\n\n#uc_color_overlay_button_elementor_c4c3370 a .ue-btn-txt\n{\n  position:relative;\n  transition:0.5s;\n}\n\n<\/style>\n\n\t\t\t<div id=\"uc_color_overlay_button_elementor_c4c3370\" class=\"color-overlay-button\">\n  <a href=\"http:\/\/es.jaravitex.com\/?page_id=12366\" class=\"color-overlay-link elementor-animation-hang\" >\n    <span class=\"ue-color-overlay\"><\/span>\n    <span class=\"ue-btn-txt\">\u00bbM\u00e1s informaci\u00f3n<\/span>\n  <\/a>\n<\/div>\n\t\t\t<!-- end Overlay Button -->\t\t<\/div>\n\t\t\t\t<\/div>\n\t\t\t\t\t<\/div>\n\t\t<\/div>\n\t\t\t\t<div class=\"elementor-column elementor-col-20 elementor-top-column elementor-element elementor-element-c94519b\" data-id=\"c94519b\" data-element_type=\"column\">\n\t\t\t<div class=\"elementor-widget-wrap elementor-element-populated\">\n\t\t\t\t\t\t\t\t<div class=\"elementor-element elementor-element-0faf3e2 elementor-invisible elementor-widget elementor-widget-image\" data-id=\"0faf3e2\" data-element_type=\"widget\" data-settings=\"{&quot;_animation&quot;:&quot;fadeInUp&quot;,&quot;ekit_we_effect_on&quot;:&quot;none&quot;}\" data-widget_type=\"image.default\">\n\t\t\t\t<div class=\"elementor-widget-container\">\n\t\t\t\t\t\t\t\t\t\t\t\t\t\t\t<img loading=\"lazy\" decoding=\"async\" width=\"800\" height=\"801\" src=\"https:\/\/es.jaravitex.com\/wp-content\/uploads\/2023\/09\/Vendas-de-Watta.jpg\" class=\"attachment-large size-large\" alt=\"\" srcset=\"https:\/\/es.jaravitex.com\/wp-content\/uploads\/2023\/09\/Vendas-de-Watta.jpg 846w, https:\/\/es.jaravitex.com\/wp-content\/uploads\/2023\/09\/Vendas-de-Watta-300x300.jpg 300w, https:\/\/es.jaravitex.com\/wp-content\/uploads\/2023\/09\/Vendas-de-Watta-150x150.jpg 150w, https:\/\/es.jaravitex.com\/wp-content\/uploads\/2023\/09\/Vendas-de-Watta-768x769.jpg 768w\" sizes=\"auto, (max-width: 800px) 100vw, 800px\" \/>\t\t\t\t\t\t\t\t\t\t\t\t\t\t\t<\/div>\n\t\t\t\t<\/div>\n\t\t\t\t<div class=\"elementor-element elementor-element-01c1f60 elementor-invisible elementor-widget elementor-widget-elementskit-heading\" data-id=\"01c1f60\" data-element_type=\"widget\" data-settings=\"{&quot;_animation&quot;:&quot;fadeIn&quot;,&quot;ekit_we_effect_on&quot;:&quot;none&quot;}\" data-widget_type=\"elementskit-heading.default\">\n\t\t\t\t<div class=\"elementor-widget-container\">\n\t\t\t<div class=\"ekit-wid-con\" ><div class=\"ekit-heading elementskit-section-title-wraper text_center   ekit_heading_tablet-   ekit_heading_mobile-\"><div class=\"ekit_heading_separetor_wraper ekit_heading_elementskit-border-divider ekit-dotted\"><div class=\"elementskit-border-divider ekit-dotted\"><\/div><\/div><h2 class=\"ekit-heading--title elementskit-section-title \">Vendas<span><span><\/span><\/span><\/h2><h3 class=\"ekit-heading--subtitle elementskit-section-subtitle  \">\n\t\t\t\t\t\tWatta\n\t\t\t\t\t<\/h3><\/div><\/div>\t\t<\/div>\n\t\t\t\t<\/div>\n\t\t\t\t<div class=\"elementor-element elementor-element-64ba59d elementor-invisible elementor-widget elementor-widget-ucaddon_color_overlay_button\" data-id=\"64ba59d\" data-element_type=\"widget\" data-settings=\"{&quot;_animation&quot;:&quot;fadeInUp&quot;,&quot;ekit_we_effect_on&quot;:&quot;none&quot;}\" data-widget_type=\"ucaddon_color_overlay_button.default\">\n\t\t\t\t<div class=\"elementor-widget-container\">\n\t\t\t<!-- start Overlay Button -->\n\t\t\t<style type=\"text\/css\">\/* widget: Overlay Button *\/\n\n#uc_color_overlay_button_elementor_64ba59d a.color-overlay-link\n{\n  display:inline-block;\n  position:relative;\n  text-decoration:none;\n  transition:0.5s;\n  overflow:hidden;\n}\n\n#uc_color_overlay_button_elementor_64ba59d a span.ue-color-overlay\n{\n  display:block;\n  position:absolute;\n  top:0px;\n  right:0px;\n  transition:0.5s;\n}\n\n#uc_color_overlay_button_elementor_64ba59d a .ue-btn-txt\n{\n  position:relative;\n  transition:0.5s;\n}\n\n<\/style>\n\n\t\t\t<div id=\"uc_color_overlay_button_elementor_64ba59d\" class=\"color-overlay-button\">\n  <a href=\"http:\/\/es.jaravitex.com\/?page_id=12370\" class=\"color-overlay-link elementor-animation-hang\" >\n    <span class=\"ue-color-overlay\"><\/span>\n    <span class=\"ue-btn-txt\">\u00bbM\u00e1s informaci\u00f3n<\/span>\n  <\/a>\n<\/div>\n\t\t\t<!-- end Overlay Button -->\t\t<\/div>\n\t\t\t\t<\/div>\n\t\t\t\t\t<\/div>\n\t\t<\/div>\n\t\t\t\t<div class=\"elementor-column elementor-col-20 elementor-top-column elementor-element elementor-element-fadefa4\" data-id=\"fadefa4\" data-element_type=\"column\">\n\t\t\t<div class=\"elementor-widget-wrap\">\n\t\t\t\t\t\t\t\t\t<\/div>\n\t\t<\/div>\n\t\t\t\t<div class=\"elementor-column elementor-col-20 elementor-top-column elementor-element elementor-element-d4a0d4f\" data-id=\"d4a0d4f\" data-element_type=\"column\">\n\t\t\t<div class=\"elementor-widget-wrap\">\n\t\t\t\t\t\t\t\t\t<\/div>\n\t\t<\/div>\n\t\t\t\t\t\t\t<\/div>\n\t\t<\/section>\n\t\t\t\t<section class=\"elementor-section elementor-top-section elementor-element elementor-element-c121e07 elementor-section-boxed elementor-section-height-default elementor-section-height-default\" data-id=\"c121e07\" data-element_type=\"section\" data-settings=\"{&quot;ekit_has_onepagescroll_dot&quot;:&quot;yes&quot;}\">\n\t\t\t\t\t\t\t<div class=\"elementor-background-overlay\"><\/div>\n\t\t\t\t\t\t\t<div class=\"elementor-container elementor-column-gap-default\">\n\t\t\t\t\t<div class=\"elementor-column elementor-col-50 elementor-top-column elementor-element elementor-element-3cb5ae3\" data-id=\"3cb5ae3\" data-element_type=\"column\">\n\t\t\t<div class=\"elementor-widget-wrap elementor-element-populated\">\n\t\t\t\t\t\t\t\t<div class=\"elementor-element elementor-element-523ce8e elementor-widget elementor-widget-ucaddon_underline_animated_button\" data-id=\"523ce8e\" data-element_type=\"widget\" data-settings=\"{&quot;ekit_we_effect_on&quot;:&quot;none&quot;}\" data-widget_type=\"ucaddon_underline_animated_button.default\">\n\t\t\t\t<div class=\"elementor-widget-container\">\n\t\t\t<!-- start Underline Animated Button -->\n\t\t\t<style type=\"text\/css\">\/* widget: Underline Animated Button *\/\n\n#uc_underline_animated_button_elementor_523ce8e\n{\n  text-align:center;\n}\n\n#uc_underline_animated_button_elementor_523ce8e a {\n  padding: 0.7em calc(0.7em * 1.2);\n  display: inline-block;\n  border: 3px solid transparent;\n  position: relative;\n  cursor: pointer;\n  text-decoration:none;\n}\n#uc_underline_animated_button_elementor_523ce8e a .text {\n  transform: translate3d(0, 0.7em, 0);\n  display: block;\n  transition: transform 0.4s cubic-bezier(0.2, 0, 0, 1) 0.4s;\n}\n#uc_underline_animated_button_elementor_523ce8e a:after {\n  position: absolute;\n  content: '';\n  bottom: -3px;\n  left: calc(0.7em * 1.2);\n  right: calc(0.7em * 1.2);\n  height: 3px;\n  background: #3F2152;\n  transition: transform 0.8s cubic-bezier(1, 0, 0.37, 1) 0.2s, right 0.2s cubic-bezier(0.04, 0.48, 0, 1) 0.6s, left 0.4s cubic-bezier(0.04, 0.48, 0, 1) 0.6s;\n  transform-origin: left;\n}\n#uc_underline_animated_button_elementor_523ce8e .line {\n  position: absolute;\n  background: #3F2152;\n}\n#uc_underline_animated_button_elementor_523ce8e .line.-right, #uc_underline_animated_button_elementor_523ce8e .line.-left {\n  width: 3px;\n  bottom: -3px;\n  top: -3px;\n  transform: scale3d(1, 0, 1);\n}\n#uc_underline_animated_button_elementor_523ce8e .line.-top, #uc_underline_animated_button_elementor_523ce8e .line.-bottom {\n  height: 3px;\n  left: -3px;\n  right: -3px;\n  transform: scale3d(0, 1, 1);\n}\n#uc_underline_animated_button_elementor_523ce8e .line.-right {\n  right: -3px;\n  transition: transform 0.1s cubic-bezier(1, 0, 0.65, 1.01) 0.23s;\n  transform-origin: top;\n}\n#uc_underline_animated_button_elementor_523ce8e .line.-top {\n  top: -3px;\n  transition: transform 0.08s linear 0.43s;\n  transform-origin: left;\n}\n#uc_underline_animated_button_elementor_523ce8e .line.-left {\n  left: -3px;\n  transition: transform 0.08s linear 0.51s;\n  transform-origin: bottom;\n}\n#uc_underline_animated_button_elementor_523ce8e .line.-bottom {\n  bottom: -3px;\n  transition: transform 0.3s cubic-bezier(1, 0, 0.65, 1.01);\n  transform-origin: right;\n}\n#uc_underline_animated_button_elementor_523ce8e a:hover .text,\n#uc_underline_animated_button_elementor_523ce8e a:active .text {\n  transform: translate3d(0, 0, 0);\n  transition: transform 0.6s cubic-bezier(0.2, 0, 0, 1) 0.4s;\n}\n#uc_underline_animated_button_elementor_523ce8e a:hover:after,\n#uc_underline_animated_button_elementor_523ce8e a:active:after {\n  transform: scale3d(0, 1, 1);\n  right: -3px;\n  left: -3px;\n  transform-origin: right;\n  transition: transform 0.2s cubic-bezier(1, 0, 0.65, 1.01) 0.17s, right 0.2s cubic-bezier(1, 0, 0.65, 1.01), left 0s 0.3s;\n}\n#uc_underline_animated_button_elementor_523ce8e a:hover .line,\n#uc_underline_animated_button_elementor_523ce8e a:active .line {\n  transform: scale3d(1, 1, 1);\n}\n#uc_underline_animated_button_elementor_523ce8e a:hover .line.-right,\n#uc_underline_animated_button_elementor_523ce8e a:active .line.-right {\n  transition: transform 0.1s cubic-bezier(1, 0, 0.65, 1.01) 0.2s;\n  transform-origin: bottom;\n}\n#uc_underline_animated_button_elementor_523ce8e a:hover .line.-top,\n#uc_underline_animated_button_elementor_523ce8e a:active .line.-top {\n  transition: transform 0.08s linear 0.4s;\n  transform-origin: right;\n}\n#uc_underline_animated_button_elementor_523ce8e a:hover .line.-left,\n#uc_underline_animated_button_elementor_523ce8e a:active .line.-left {\n  transition: transform 0.08s linear 0.48s;\n  transform-origin: top;\n}\n#uc_underline_animated_button_elementor_523ce8e a:hover .line.-bottom,\n#uc_underline_animated_button_elementor_523ce8e a:active .line.-bottom {\n  transition: transform 0.5s cubic-bezier(0, 0.53, 0.29, 1) 0.56s;\n  transform-origin: left;\n}\n\n<\/style>\n\n\t\t\t<section class=\"portfolio-experiment underline_animated_button\" id=\"uc_underline_animated_button_elementor_523ce8e\">\n  <a href=\"http:\/\/es.jaravitex.com\/?page_id=9715\" >\n    <div class=\"text\">Regresar a Productos<\/div>\n    <div class=\"line -right\"><\/div>\n    <div class=\"line -top\"><\/div>\n    <div class=\"line -left\"><\/div>\n    <div class=\"line -bottom\"><\/div>\n  <\/a>\n<\/section>\n\t\t\t<!-- end Underline Animated Button -->\t\t<\/div>\n\t\t\t\t<\/div>\n\t\t\t\t\t<\/div>\n\t\t<\/div>\n\t\t\t\t<div class=\"elementor-column elementor-col-50 elementor-top-column elementor-element elementor-element-d5838a4\" data-id=\"d5838a4\" data-element_type=\"column\">\n\t\t\t<div class=\"elementor-widget-wrap elementor-element-populated\">\n\t\t\t\t\t\t\t\t<div class=\"elementor-element elementor-element-dd583c9 elementor-widget elementor-widget-ucaddon_underline_animated_button\" data-id=\"dd583c9\" data-element_type=\"widget\" data-settings=\"{&quot;ekit_we_effect_on&quot;:&quot;none&quot;}\" data-widget_type=\"ucaddon_underline_animated_button.default\">\n\t\t\t\t<div class=\"elementor-widget-container\">\n\t\t\t<!-- start Underline Animated Button -->\n\t\t\t<style type=\"text\/css\">\/* widget: Underline Animated Button *\/\n\n#uc_underline_animated_button_elementor_dd583c9\n{\n  text-align:center;\n}\n\n#uc_underline_animated_button_elementor_dd583c9 a {\n  padding: 0.7em calc(0.7em * 1.2);\n  display: inline-block;\n  border: 3px solid transparent;\n  position: relative;\n  cursor: pointer;\n  text-decoration:none;\n}\n#uc_underline_animated_button_elementor_dd583c9 a .text {\n  transform: translate3d(0, 0.7em, 0);\n  display: block;\n  transition: transform 0.4s cubic-bezier(0.2, 0, 0, 1) 0.4s;\n}\n#uc_underline_animated_button_elementor_dd583c9 a:after {\n  position: absolute;\n  content: '';\n  bottom: -3px;\n  left: calc(0.7em * 1.2);\n  right: calc(0.7em * 1.2);\n  height: 3px;\n  background: #3F2152;\n  transition: transform 0.8s cubic-bezier(1, 0, 0.37, 1) 0.2s, right 0.2s cubic-bezier(0.04, 0.48, 0, 1) 0.6s, left 0.4s cubic-bezier(0.04, 0.48, 0, 1) 0.6s;\n  transform-origin: left;\n}\n#uc_underline_animated_button_elementor_dd583c9 .line {\n  position: absolute;\n  background: #3F2152;\n}\n#uc_underline_animated_button_elementor_dd583c9 .line.-right, #uc_underline_animated_button_elementor_dd583c9 .line.-left {\n  width: 3px;\n  bottom: -3px;\n  top: -3px;\n  transform: scale3d(1, 0, 1);\n}\n#uc_underline_animated_button_elementor_dd583c9 .line.-top, #uc_underline_animated_button_elementor_dd583c9 .line.-bottom {\n  height: 3px;\n  left: -3px;\n  right: -3px;\n  transform: scale3d(0, 1, 1);\n}\n#uc_underline_animated_button_elementor_dd583c9 .line.-right {\n  right: -3px;\n  transition: transform 0.1s cubic-bezier(1, 0, 0.65, 1.01) 0.23s;\n  transform-origin: top;\n}\n#uc_underline_animated_button_elementor_dd583c9 .line.-top {\n  top: -3px;\n  transition: transform 0.08s linear 0.43s;\n  transform-origin: left;\n}\n#uc_underline_animated_button_elementor_dd583c9 .line.-left {\n  left: -3px;\n  transition: transform 0.08s linear 0.51s;\n  transform-origin: bottom;\n}\n#uc_underline_animated_button_elementor_dd583c9 .line.-bottom {\n  bottom: -3px;\n  transition: transform 0.3s cubic-bezier(1, 0, 0.65, 1.01);\n  transform-origin: right;\n}\n#uc_underline_animated_button_elementor_dd583c9 a:hover .text,\n#uc_underline_animated_button_elementor_dd583c9 a:active .text {\n  transform: translate3d(0, 0, 0);\n  transition: transform 0.6s cubic-bezier(0.2, 0, 0, 1) 0.4s;\n}\n#uc_underline_animated_button_elementor_dd583c9 a:hover:after,\n#uc_underline_animated_button_elementor_dd583c9 a:active:after {\n  transform: scale3d(0, 1, 1);\n  right: -3px;\n  left: -3px;\n  transform-origin: right;\n  transition: transform 0.2s cubic-bezier(1, 0, 0.65, 1.01) 0.17s, right 0.2s cubic-bezier(1, 0, 0.65, 1.01), left 0s 0.3s;\n}\n#uc_underline_animated_button_elementor_dd583c9 a:hover .line,\n#uc_underline_animated_button_elementor_dd583c9 a:active .line {\n  transform: scale3d(1, 1, 1);\n}\n#uc_underline_animated_button_elementor_dd583c9 a:hover .line.-right,\n#uc_underline_animated_button_elementor_dd583c9 a:active .line.-right {\n  transition: transform 0.1s cubic-bezier(1, 0, 0.65, 1.01) 0.2s;\n  transform-origin: bottom;\n}\n#uc_underline_animated_button_elementor_dd583c9 a:hover .line.-top,\n#uc_underline_animated_button_elementor_dd583c9 a:active .line.-top {\n  transition: transform 0.08s linear 0.4s;\n  transform-origin: right;\n}\n#uc_underline_animated_button_elementor_dd583c9 a:hover .line.-left,\n#uc_underline_animated_button_elementor_dd583c9 a:active .line.-left {\n  transition: transform 0.08s linear 0.48s;\n  transform-origin: top;\n}\n#uc_underline_animated_button_elementor_dd583c9 a:hover .line.-bottom,\n#uc_underline_animated_button_elementor_dd583c9 a:active .line.-bottom {\n  transition: transform 0.5s cubic-bezier(0, 0.53, 0.29, 1) 0.56s;\n  transform-origin: left;\n}\n\n<\/style>\n\n\t\t\t<section class=\"portfolio-experiment underline_animated_button\" id=\"uc_underline_animated_button_elementor_dd583c9\">\n  <a href=\"https:\/\/wa.me\/593999610539?text=Hola Jaravitex \ud83d\udc4b Un Gusto, mi nombre es ....... \ud83d\ude00 y me interesa este producto ....... \u00bfC\u00f3mo puedo tener informaci\u00f3n o realizar una compra?\" >\n    <div class=\"text\">Quiero una cotizaci\u00f3n<\/div>\n    <div class=\"line -right\"><\/div>\n    <div class=\"line -top\"><\/div>\n    <div class=\"line -left\"><\/div>\n    <div class=\"line -bottom\"><\/div>\n  <\/a>\n<\/section>\n\t\t\t<!-- end Underline Animated Button -->\t\t<\/div>\n\t\t\t\t<\/div>\n\t\t\t\t\t<\/div>\n\t\t<\/div>\n\t\t\t\t\t\t\t<\/div>\n\t\t<\/section>\n\t\t\t\t\t\t\t<\/div>\n\t\t","protected":false},"excerpt":{"rendered":"<p>Vendas El\u00e1sticas \u00bbM\u00e1s informaci\u00f3n Vendas de Gasa \u00bbM\u00e1s informaci\u00f3n Vendas Watta \u00bbM\u00e1s informaci\u00f3n Regresar a Productos Quiero una cotizaci\u00f3n<\/p>\n","protected":false},"author":1,"featured_media":0,"parent":0,"menu_order":0,"comment_status":"closed","ping_status":"closed","template":"","meta":{"_monsterinsights_skip_tracking":false,"_monsterinsights_sitenote_active":false,"_monsterinsights_sitenote_note":"","_monsterinsights_sitenote_category":0,"_joinchat":[],"footnotes":""},"class_list":["post-12150","page","type-page","status-publish","hentry"],"_links":{"self":[{"href":"https:\/\/es.jaravitex.com\/index.php?rest_route=\/wp\/v2\/pages\/12150","targetHints":{"allow":["GET"]}}],"collection":[{"href":"https:\/\/es.jaravitex.com\/index.php?rest_route=\/wp\/v2\/pages"}],"about":[{"href":"https:\/\/es.jaravitex.com\/index.php?rest_route=\/wp\/v2\/types\/page"}],"author":[{"embeddable":true,"href":"https:\/\/es.jaravitex.com\/index.php?rest_route=\/wp\/v2\/users\/1"}],"replies":[{"embeddable":true,"href":"https:\/\/es.jaravitex.com\/index.php?rest_route=%2Fwp%2Fv2%2Fcomments&post=12150"}],"version-history":[{"count":7,"href":"https:\/\/es.jaravitex.com\/index.php?rest_route=\/wp\/v2\/pages\/12150\/revisions"}],"predecessor-version":[{"id":12607,"href":"https:\/\/es.jaravitex.com\/index.php?rest_route=\/wp\/v2\/pages\/12150\/revisions\/12607"}],"wp:attachment":[{"href":"https:\/\/es.jaravitex.com\/index.php?rest_route=%2Fwp%2Fv2%2Fmedia&parent=12150"}],"curies":[{"name":"wp","href":"https:\/\/api.w.org\/{rel}","templated":true}]}}